{"id":293,"date":"2026-03-31T11:53:42","date_gmt":"2026-03-31T11:53:42","guid":{"rendered":"https:\/\/eavicar.com\/tecnico-jardineria-floristeria\/"},"modified":"2026-03-31T11:53:42","modified_gmt":"2026-03-31T11:53:42","slug":"tecnico-jardineria-floristeria","status":"publish","type":"page","link":"https:\/\/eavicar.com\/index.php\/tecnico-jardineria-floristeria\/","title":{"rendered":"T\u00e9cnico en Jardiner\u00eda y Florister\u00eda"},"content":{"rendered":"","protected":false},"excerpt":{"rendered":"","protected":false},"author":0,"featured_media":0,"parent":0,"menu_order":0,"comment_status":"closed","ping_status":"closed","template":"page-jar.php","meta":{"_et_pb_use_builder":"","_et_pb_old_content":"","_et_gb_content_width":"","footnotes":""},"class_list":["post-293","page","type-page","status-publish","hentry"],"_links":{"self":[{"href":"https:\/\/eavicar.com\/index.php\/wp-json\/wp\/v2\/pages\/293","targetHints":{"allow":["GET"]}}],"collection":[{"href":"https:\/\/eavicar.com\/index.php\/wp-json\/wp\/v2\/pages"}],"about":[{"href":"https:\/\/eavicar.com\/index.php\/wp-json\/wp\/v2\/types\/page"}],"replies":[{"embeddable":true,"href":"https:\/\/eavicar.com\/index.php\/wp-json\/wp\/v2\/comments?post=293"}],"version-history":[{"count":0,"href":"https:\/\/eavicar.com\/index.php\/wp-json\/wp\/v2\/pages\/293\/revisions"}],"wp:attachment":[{"href":"https:\/\/eavicar.com\/index.php\/wp-json\/wp\/v2\/media?parent=293"}],"curies":[{"name":"wp","href":"https:\/\/api.w.org\/{rel}","templated":true}]}}